{"id":2309,"date":"2019-02-14T23:30:04","date_gmt":"2019-02-14T22:30:04","guid":{"rendered":"https:\/\/die-zwillingsnadeln.de\/?page_id=2309"},"modified":"2020-04-11T18:31:09","modified_gmt":"2020-04-11T16:31:09","slug":"lieferung-versand","status":"publish","type":"page","link":"https:\/\/die-zwillingsnadeln.de\/?page_id=2309","title":{"rendered":"Lieferung &#038; Versand"},"content":{"rendered":"<div class=\"wpb-content-wrapper\"><p>[vc_row][vc_column css=&#8220;.vc_custom_1550190443229{padding-top: 5% !important;padding-right: 5% !important;padding-bottom: 5% !important;padding-left: 5% !important;}&#8220;][vc_empty_space][vc_column_text]<\/p>\n<h2>Versandbedingungen:<\/h2>\n<h5><em>Wir versenden nur innerhalb der folgenden L\u00e4nder:<\/em><\/h5>\n<p>Deutschland, Belgien, Bulgarien, D\u00e4nemark, Finnland, Frankreich, Griechenland, Irland, Italien, Litauen, Luxemburg, Monaco, Niederlande, Norwegen, Polen, Portugal, Schweden, Schweiz, Spanien, Tschechien, Ungarn, Vereintes K\u00f6nigreich, \u00d6sterreich.<\/p>\n<p>Alle Anfragen &amp; Bestellungen au\u00dferhalb dieser L\u00e4nder, bitte direkt an <a href=\"https:\/\/die-zwillingsnadeln.de\/contact\/\">uns<\/a> richten.<\/p>\n<p>Ab einem Mindestbestellwert von 250 \u20ac versenden wir versandkostenfrei innerhalb Deutschlands.<\/p>\n<p>Bis zu einem Mindestbestellwert von 250 \u20ac erheben wir eine Versandpauschale,<br \/>\ndie sich nach der Gr\u00f6\u00dfe des Produkts und der Anzahl der bestellten Produkte richtet.<\/p>\n<h4>Standardversandkosten:<\/h4>\n<h5><em>Deutschland:<br \/>\n<\/em><\/h5>\n<p>Paket &#8211; 12,50 \u20ac<br \/>\nBuchversand &amp; kleine Artikel &#8211; 3,90 \u20ac<br \/>\nTasche &#8211; 2,50 \u20ac<\/p>\n<h5><em>Innerhalb der EU:<\/em><\/h5>\n<p>Paket &#8211; 22,00 \u20ac<br \/>\nBuchversand &amp; kleine Artikel &#8211; 12,00 \u20ac<br \/>\nTasche &#8211; 5,00 \u20ac<\/p>\n<h5><em>Schweiz:<\/em><\/h5>\n<p>Paket &#8211; 31,00 \u20ac<br \/>\nBuchversand &amp; kleine Artikel &#8211; 16 \u20ac<br \/>\nTasche &#8211; 5,00 \u20ac<\/p>\n<h5><em>Restliche EU (Norwegen, Monaco):<\/em><\/h5>\n<p>Paket: 35,00 \u20ac<br \/>\nBuchversand &amp; kleine Artikel: 16,00 \u20ac<br \/>\nTasche: 5,00 \u20ac<\/p>\n<div id=\"cc-shop-shipping-free-text\">\n<h5 class=\"n\"><strong>Bei Lieferungen in das Ausland k\u00f6nnen Z\u00f6lle, Steuern und Geb\u00fchren anfallen, die im angezeigten Gesamtpreis nicht enthalten sind.<\/strong><\/h5>\n<\/div>\n<p>Wir verschicken via DHL mit versichertem Versand oder Einschreiben.<br \/>\nBei mehreren, gleichzeitigen Bestellungen wird nur einmal Porto berechnet.<br \/>\nBei einem Kombikauf wird f\u00fcr die Versandgeb\u00fchren der Artikel mit dem h\u00f6chsten Porto berechnet.<br \/>\nEs gelten die Versandkosten, wie sie zum Zeitpunkt der Bestellung auf den Internetseiten dargestellt wurden.<\/p>\n<h4>Versanddauer\/ Lieferzeitraum:<\/h4>\n<p>Der Versand dauert bei sofort verf\u00fcgbaren Artikeln in der Regel zwischen 10 &#8211; 14 Werktagen nach Zahlungseingang.<\/p>\n<p>Bei Sonderanfertigungen oder Ma\u00dfanfertigungen kontaktieren Sie uns bitte <a href=\"https:\/\/die-zwillingsnadeln.de\/contact\/\">pers\u00f6nlich.<\/a> Der Versand von Sonderanfertigungen\/Ma\u00dfanfertigungen richtet sich nach der aktuellen Auftragslage und je nachdem wie aufwendig sich die Anfertigung gestaltet. Die Details zur Lieferung und Kosten von Auftr\u00e4gen werden mit der Auftragsbest\u00e4tigung oder pers\u00f6nlichen Beratung mitgeteilt.<\/p>\n<h4>Bezahlmethoden:<\/h4>\n<p><strong>PayPal:<\/strong><\/p>\n<p>Bei Auswahl dieser Zahlungsart erfolgt im n\u00e4chsten Schritt die Weiterleitung zu PayPal. Wenn dort die erforderlichen Daten eingetragen worden sind, geht es automatisch zur\u00fcck in diesen Shop, um die Bestellung abzuschlie\u00dfen.<\/p>\n<p><strong>Gegen Vorkasse:<\/strong><\/p>\n<p>Die Ware wird direkt nach Zahlungseingang versandt oder der Herstellungsprozess ihres Produktes beginnt direkt nach Erhalt der Zahlung.<\/p>\n<p><strong>Bei Abholung:<\/strong><\/p>\n<p>Die Ware wird bei Abholung bezahlt.[\/vc_column_text][\/vc_column][\/vc_row]<\/p>\n<\/div>","protected":false},"excerpt":{"rendered":"<p>[vc_row][vc_column css=&#8220;.vc_custom_1550190443229{padding-top: 5% !important;padding-right: 5% !important;padding-bottom: 5% !important;padding-left: 5% !important;}&#8220;][vc_empty_space][vc_column_text] Versandbedingungen: Wir versenden nur innerhalb der folgenden L\u00e4nder: Deutschland, Belgien, Bulgarien, D\u00e4nemark, Finnland, Frankreich, Griechenland, Irland, Italien, Litauen, Luxemburg, Monaco, Niederlande, Norwegen, Polen, Portugal, Schweden, Schweiz, Spanien, Tschechien, Ungarn, Vereintes K\u00f6nigreich, \u00d6sterreich. Alle Anfragen &amp;&#8230;<\/p>\n","protected":false},"author":2,"featured_media":0,"parent":0,"menu_order":0,"comment_status":"closed","ping_status":"closed","template":"","meta":{"inline_featured_image":false,"footnotes":""},"class_list":["post-2309","page","type-page","status-publish","hentry"],"_links":{"self":[{"href":"https:\/\/die-zwillingsnadeln.de\/index.php?rest_route=\/wp\/v2\/pages\/2309","targetHints":{"allow":["GET"]}}],"collection":[{"href":"https:\/\/die-zwillingsnadeln.de\/index.php?rest_route=\/wp\/v2\/pages"}],"about":[{"href":"https:\/\/die-zwillingsnadeln.de\/index.php?rest_route=\/wp\/v2\/types\/page"}],"author":[{"embeddable":true,"href":"https:\/\/die-zwillingsnadeln.de\/index.php?rest_route=\/wp\/v2\/users\/2"}],"replies":[{"embeddable":true,"href":"https:\/\/die-zwillingsnadeln.de\/index.php?rest_route=%2Fwp%2Fv2%2Fcomments&post=2309"}],"version-history":[{"count":5,"href":"https:\/\/die-zwillingsnadeln.de\/index.php?rest_route=\/wp\/v2\/pages\/2309\/revisions"}],"predecessor-version":[{"id":2507,"href":"https:\/\/die-zwillingsnadeln.de\/index.php?rest_route=\/wp\/v2\/pages\/2309\/revisions\/2507"}],"wp:attachment":[{"href":"https:\/\/die-zwillingsnadeln.de\/index.php?rest_route=%2Fwp%2Fv2%2Fmedia&parent=2309"}],"curies":[{"name":"wp","href":"https:\/\/api.w.org\/{rel}","templated":true}]}}