{"id":2312,"date":"2019-02-15T00:14:16","date_gmt":"2019-02-14T23:14:16","guid":{"rendered":"https:\/\/die-zwillingsnadeln.de\/?page_id=2312"},"modified":"2019-02-15T01:21:38","modified_gmt":"2019-02-15T00:21:38","slug":"widerrufsbelehrung","status":"publish","type":"page","link":"https:\/\/die-zwillingsnadeln.de\/?page_id=2312","title":{"rendered":"Widerrufsbelehrung"},"content":{"rendered":"<div class=\"wpb-content-wrapper\"><p>[vc_row][vc_column][vc_empty_space][vc_column_text css=&#8220;.vc_custom_1550190074977{padding-top: 5% !important;padding-right: 5% !important;padding-bottom: 5% !important;padding-left: 5% !important;}&#8220;]<\/p>\n<h2>Widerrufsbelehrung und &#8211; Formular:<\/h2>\n<h4>Widerrufs- oder R\u00fcckgabebelehrung<\/h4>\n<p>Sie k\u00f6nnen Ihre Vertragserkl\u00e4rung innerhalb von 14 Tagen ohne Angabe von Gr\u00fcnden in Textform<br \/>\n(z.B. Brief, E-Mail) widerrufen. Die Frist beginnt nach Erhalt dieser Belehrung in Textform, jedoch nicht vor Eingang der Ware beim Empf\u00e4nger.<\/p>\n<p>Generell und vor allem bei Sonderanfertigungen bitten wir Sie vorher mit uns in Kontakt zu treten, um eine L\u00f6sung f\u00fcr das vorhandene Problem zu finden, bevor Sie reklamieren. Haben Sie Verst\u00e4ndnis daf\u00fcr, dass wir Sonderanfertigungen in der Regel nicht zur\u00fccknehmen k\u00f6nnen, jedoch gern \u00c4nderungen vornehmen soweit es uns m\u00f6glich ist. Wir werden in jedem Fall versuchen Sie zufrieden zu stellen!<\/p>\n<p>Zur Wahrung der Widerrufsfrist gen\u00fcgt die rechtzeitige Absendung des Widerrufs oder der Sache. Der Widerruf ist zu richten an:<\/p>\n<p class=\"n\">Die Zwillingsnadeln<br \/>\nClaudia K\u00f6cher<br \/>\nGeschwister &#8211; Scholl &#8211; Stra\u00dfe 2<br \/>\n99423 Weimar<\/p>\n<p>E-mail: info(at)die-zwillingsnadeln.de<br \/>\nwww.die-zwillingsnadeln.de<\/p>\n<p class=\"n\">Der K\u00e4ufer tr\u00e4gt die unmittelbaren Kosten der R\u00fccksendung der Waren.<br \/>\nDie Ware bitte bei der R\u00fccksendung in der Originalverpackung (Hutschachtel) verpacken.<br \/>\nVerschmutzte Ware z.B. durch Make-up oder Schwei\u00df bzw. getragene Ware (die \u00fcber das normale Anprobieren hinausgeht) kann nicht zur\u00fcckgenommen werden.<\/p>\n<p>Sonderanfertigungen\/Ma\u00dfanfertigungen und Auftragsarbeiten sind vom Umtausch ausgeschlossen. B\u00fccher sind vom Umtausch ausgeschlossen.<\/p>\n<h4>Muster-Widerrufsformular herunterladen<\/h4>\n<p><a href=\"https:\/\/die-zwillingsnadeln.de\/wp-content\/uploads\/2019\/02\/Widerrufsformular.pdf\">Widerrufsformular<\/a>[\/vc_column_text][\/vc_column][\/vc_row]<\/p>\n<\/div>","protected":false},"excerpt":{"rendered":"<p>[vc_row][vc_column][vc_empty_space][vc_column_text css=&#8220;.vc_custom_1550190074977{padding-top: 5% !important;padding-right: 5% !important;padding-bottom: 5% !important;padding-left: 5% !important;}&#8220;] Widerrufsbelehrung und &#8211; Formular: Widerrufs- oder R\u00fcckgabebelehrung Sie k\u00f6nnen Ihre Vertragserkl\u00e4rung innerhalb von 14 Tagen ohne Angabe von Gr\u00fcnden in Textform (z.B. Brief, E-Mail) widerrufen. Die Frist beginnt nach Erhalt dieser Belehrung in Textform, jedoch&#8230;<\/p>\n","protected":false},"author":2,"featured_media":0,"parent":0,"menu_order":0,"comment_status":"closed","ping_status":"closed","template":"","meta":{"inline_featured_image":false,"footnotes":""},"class_list":["post-2312","page","type-page","status-publish","hentry"],"_links":{"self":[{"href":"https:\/\/die-zwillingsnadeln.de\/index.php?rest_route=\/wp\/v2\/pages\/2312","targetHints":{"allow":["GET"]}}],"collection":[{"href":"https:\/\/die-zwillingsnadeln.de\/index.php?rest_route=\/wp\/v2\/pages"}],"about":[{"href":"https:\/\/die-zwillingsnadeln.de\/index.php?rest_route=\/wp\/v2\/types\/page"}],"author":[{"embeddable":true,"href":"https:\/\/die-zwillingsnadeln.de\/index.php?rest_route=\/wp\/v2\/users\/2"}],"replies":[{"embeddable":true,"href":"https:\/\/die-zwillingsnadeln.de\/index.php?rest_route=%2Fwp%2Fv2%2Fcomments&post=2312"}],"version-history":[{"count":7,"href":"https:\/\/die-zwillingsnadeln.de\/index.php?rest_route=\/wp\/v2\/pages\/2312\/revisions"}],"predecessor-version":[{"id":2323,"href":"https:\/\/die-zwillingsnadeln.de\/index.php?rest_route=\/wp\/v2\/pages\/2312\/revisions\/2323"}],"wp:attachment":[{"href":"https:\/\/die-zwillingsnadeln.de\/index.php?rest_route=%2Fwp%2Fv2%2Fmedia&parent=2312"}],"curies":[{"name":"wp","href":"https:\/\/api.w.org\/{rel}","templated":true}]}}