{"id":822,"date":"2017-09-30T14:20:51","date_gmt":"2017-09-30T12:20:51","guid":{"rendered":"http:\/\/localhost:8888\/wordpress\/?page_id=822"},"modified":"2020-04-11T18:28:07","modified_gmt":"2020-04-11T16:28:07","slug":"agb","status":"publish","type":"page","link":"https:\/\/die-zwillingsnadeln.de\/?page_id=822","title":{"rendered":"AGB&#8217;s"},"content":{"rendered":"<div class=\"wpb-content-wrapper\"><p>[vc_row css=&#8220;.vc_custom_1506774316418{margin: 50px !important;}&#8220;][vc_column][vc_empty_space][vc_column_text]<\/p>\n<h2>AGB&#8217;s &#8211; Die Zwillingsnadeln<\/h2>\n<p><strong>1. Zustandekommen des Vertrags<br \/>\n<\/strong><br \/>\nMit Ihrer Bestellung geben Sie ein verbindliches Angebot an uns ab, einen Vertrag mit Ihnen zu schlie\u00dfen. Mit der Zusendung einer Auftragsbest\u00e4tigung per E-Mail an Sie oder der Lieferung der bestellten Ware k\u00f6nnen wir dieses Angebot annehmen. Zun\u00e4chst erhalten Sie eine Best\u00e4tigung des Eingangs Ihrer Bestellung per E-Mail an die von Ihnen angegebene E-Mail-Adresse (Bestellbest\u00e4tigung). Ein Kaufvertrag kommt jedoch erst mit dem Versand unserer Auftragsbest\u00e4tigung per E-Mail an Sie oder mit der Lieferung der bestellten Ware zustande.<\/p>\n<p>Bei der Bestellung \u00fcber unseren Onlineshop umfasst der Bestellvorgang insgesamt 3 Schritte.<\/p>\n<p>Im ersten Schritt w\u00e4hlen Sie die gew\u00fcnschten Waren aus.<br \/>\nIm zweiten Schritt k\u00f6nnen Sie die Menge der im Warenkorb (Cart) befindlichen Waren \u00e4ndern oder l\u00f6schen.<br \/>\nIm dritten Schritt (&#8222;Checkout&#8220;) geben Sie Ihre Kundendaten einschlie\u00dflich Rechnungsanschrift und ggf. abweichender Lieferanschrift ein und wie Sie bezahlen m\u00f6chten. In diesem Schritt haben Sie die M\u00f6glichkeit, s\u00e4mtliche Angaben (z.B. Name, Anschrift, Zahlungsweise, bestellte Artikel) noch einmal zu \u00fcberpr\u00fcfen und ggf. die Bestellung abzubrechen, bevor Sie Ihre Bestellung durch Klicken auf &#8218;Bestellung abschicken&#8216; an uns absenden.<\/p>\n<p><strong>2. Speicherung des Vertragstextes<\/strong><\/p>\n<p>Den Vertragstext Ihrer Bestellung speichern wir. Sie k\u00f6nnen diesen vor der Versendung Ihrer Bestellung an uns ausdrucken, indem Sie im letzten Schritt der Bestellung auf \u201eDrucken\u201d klicken. Wir senden Ihnen au\u00dferdem eine Bestellbest\u00e4tigung sowie eine Auftragsbest\u00e4tigung mit allen Bestelldaten und unseren Allgemeinen Gesch\u00e4ftsbedingungen an die von Ihnen angegebene E-Mail-Adresse.<\/p>\n<p><strong>Eigentumsvorbehalt<br \/>\n<\/strong><\/p>\n<p>Die gelieferte Ware bleibt bis zur vollst\u00e4ndigen Bezahlung aller Forderungen unser Eigentum.<\/p>\n<p><strong>3. Preise, Versandkosten, R\u00fccksendekosten bei Widerruf<\/strong><\/p>\n<p><strong>Preise:<\/strong><\/p>\n<p>Alle Preise sind Endpreise, sie enthalten die gesetzliche Mehrwertsteuer (19% &amp; 7%), zzgl. Versandkosten.<\/p>\n<p><strong>Versandkosten: <\/strong><\/p>\n<p>Ab 250 \u20ac Euro Warenwert liefern wir Versandkostenfrei innerhalb Deutschlands.<\/p>\n<p>Bis zu 250 \u20ac Warenwert innerhalb Deutschlands erheben wir pro Bestellung eine Pauschale von 12,50 \u20ac f\u00fcr Verpackung und Versand.<br \/>\nF\u00fcr kleinere Waren wie zum Beispiel B\u00fccher und Haaraccessoires erheben wir pro Bestellung eine Pauschale von 3,5o \u20ac f\u00fcr Verpackung und Versand.<br \/>\nF\u00fcr den Versand von Stoffbeuteln erheben wir pro Bestellung eine Pauschale von 2,50 \u20ac f\u00fcr Verpackung und Versand.<\/p>\n<p>Wir verschicken alle Produkte versichtert oder via Einschreiben mit DHL.<\/p>\n<div id=\"cc-shop-shipping-free-text\">\n<p class=\"n\">Bei Lieferungen in das Ausland k\u00f6nnen Z\u00f6lle, Steuern und Geb\u00fchren anfallen, die im angezeigten Gesamtpreis nicht enthalten sind.<\/p>\n<p>Liste der Versandkosten &amp; L\u00e4nder: <a href=\"https:\/\/die-zwillingsnadeln.de\/lieferung-versand\/\">Lieferung &amp; Versandbedingungen<\/a><\/p>\n<\/div>\n<p><strong>R\u00fccksendekosten bei Widerruf:<\/strong><\/p>\n<p>R\u00fccksendekosten bei Widerruf \u00fcbernimmt der Kunde.<\/p>\n<p>siehe auch: <a href=\"https:\/\/die-zwillingsnadeln.de\/widerrufsbelehrung\/\">Widerrufsbelehrung<\/a><\/p>\n<p><strong> 4. Lieferbedingungen<\/strong><\/p>\n<p><strong>Lieferung: <\/strong><\/p>\n<p>Die Lieferung erfolgt nach Zahlungseingang nach ca. 7 \u2013 14 Werktagen. Die Lieferung von Sonderanfertigungen\/Ma\u00dfanfertigungen richtet sich nach der aktuellen Auftragslage und je nachdem wie aufwendig sich die Anfertigung gestaltet. Die Details zur Lieferung und Kosten von Auftr\u00e4gen werden mit der Auftragsbest\u00e4tigung oder in der pers\u00f6nlichen Beratung mitgeteilt.<\/p>\n<p>Wir liefern nur innerhalb der folgenden L\u00e4nder:<\/p>\n<p>Deutschland, Bulgarien, Belgien, D\u00e4nemark, Finnland, Frankreich, Griechenland, Irland, Italien, Litauen, Luxemburg, Monaco, Niederlande, Norwegen, Polen, Portugal, Schweden, Schweiz, Spanien, Tschechien, Ungarn, Vereinigtes K\u00f6nigreich, \u00d6sterreich<\/p>\n<p>F\u00fcr Bestellungen au\u00dferhalb dieser L\u00e4nder, Sonderanfertigungen\/Ma\u00dfanfertigungen und Auftragsarbeiten, <a href=\"https:\/\/die-zwillingsnadeln.de\/contact\/\">kontaktieren<\/a> sie uns bitte direkt.<br \/>\nWir liefern nur an Endkunden und in handels\u00fcblichen Mengen. H\u00e4ndler <a href=\"https:\/\/die-zwillingsnadeln.de\/contact\/\">kontaktieren<\/a> uns bitte direkt.<\/p>\n<p><strong> 5. Zahlungsbedingungen<br \/>\n<\/strong><br \/>\nDie Zahlung erfolgt per Vorkasse durch Vorab-\u00dcberweisung, via Paypal oder bei Abholung in unserem Ladengesch\u00e4ft (Windischenstr. 29, 99423 Weimar).<\/p>\n<p>Wir behalten uns vor, einzelne Zahlungsarten auszuschlie\u00dfen.<\/p>\n<p>Bei Auswahl via PayPal erfolgt im n\u00e4chsten Schritt die Weiterleitung zu PayPal. Wenn dort die erforderlichen Daten eingetragen worden sind, geht es automatisch zur\u00fcck in diesen Shop, um die Bestellung abzuschlie\u00dfen.<\/p>\n<p>Bei Wahl der Zahlungsart Vorkasse nennen wir Ihnen die Bankverbindung in der Auftragsbest\u00e4tigung. Der Rechnungsbetrag ist binnen 7 Tagen auf unser Konto zu \u00fcberweisen. Die Ware wird direkt nach Zahlungseingang versandt oder der Herstellungsprozess ihres Produktes beginnt direkt nach Erhalt der Zahlung.<\/p>\n<p>Bei Abholung in unserem Ladengesch\u00e4ft wird die Ware bei Abholung bezahlt. Angefallene Portokosten durch die Bestellung \u00fcber unserem Onlineshop werden zur\u00fcckerstattet. Bitte kontaktieren Sie uns vorher, wenn sie die Ware in unserem Gesch\u00e4ft abholen m\u00f6chten, um gegebenfalls einen Termin zu vereinbaren.<\/p>\n<p><strong>6. Datenschutz<\/strong><\/p>\n<p>Bei Anbahnung, Abschluss, Abwicklung und R\u00fcckabwicklung eines Kaufvertrages werden von uns Daten im Rahmen der gesetzlichen Bestimmungen erhoben, gespeichert und verarbeitet.<\/p>\n<p>Beim Besuch unseres Internetangebots werden die aktuell von Ihrem PC verwendete IP-Adresse, Datum und Uhrzeit, der Browsertyp und das Betriebssystem Ihres PC sowie die von Ihnen betrachteten Seiten protokolliert. R\u00fcckschl\u00fcsse auf personenbezogene Daten sind uns damit jedoch nicht m\u00f6glich und auch nicht beabsichtigt.<\/p>\n<p>Die personenbezogenen Daten, die Sie uns z. B. bei einer Bestellung oder per E-Mail mitteilen (z. B. Ihr Name und Ihre Kontaktdaten), werden nur zur Korrespondenz mit Ihnen und nur f\u00fcr den Zweck verarbeitet, zu dem Sie uns die Daten zur Verf\u00fcgung gestellt haben. Wir geben Ihre Daten nur an das mit der Lieferung beauftragte Versandunternehmen weiter, soweit dies zur Lieferung der Waren notwendig ist. Zur Abwicklung von Zahlungen geben wir Ihre Zahlungsdaten an das mit der Zahlung beauftragte Kreditinstitut weiter.<\/p>\n<p>Wir versichern, dass wir Ihre personenbezogenen Daten im \u00dcbrigen nicht an Dritte weitergeben, es sei denn, dass wir dazu gesetzlich verpflichtet w\u00e4ren oder Sie vorher ausdr\u00fccklich eingewilligt haben. Soweit wir zur Durchf\u00fchrung und Abwicklung von Verarbeitungsprozessen Dienstleistungen Dritter in Anspruch nehmen, werden die Bestimmungen des Bundesdatenschutzgesetzes eingehalten.<\/p>\n<p>siehe auch: <a href=\"https:\/\/die-zwillingsnadeln.de\/datenschutz\/\">Datenschutz<\/a><\/p>\n<p><strong>Dauer der Speicherung<\/strong><\/p>\n<p>Personenbezogene Daten, die uns \u00fcber unsere Website mitgeteilt worden sind, werden nur so lange gespeichert, bis der Zweck erf\u00fcllt ist, zu dem sie uns anvertraut wurden. Soweit handels- und steuerrechtliche Aufbewahrungsfristen zu beachten sind, kann die Dauer der Speicherung bestimmter Daten bis zu 10 Jahre betragen.<\/p>\n<p><strong>Ihre Rechte<\/strong><\/p>\n<p>Sollten Sie mit der Speicherung Ihrer personenbezogenen Daten nicht mehr einverstanden oder diese unrichtig geworden sein, werden wir auf eine entsprechende Weisung hin im Rahmen der gesetzlichen Bestimmungen die L\u00f6schung, Korrektur oder Sperrung Ihrer Daten veranlassen. Auf Wunsch erhalten Sie unentgeltlich Auskunft \u00fcber alle personenbezogenen Daten, die wir \u00fcber Sie gespeichert haben.<\/p>\n<p><strong>Links auf andere Internetseiten<\/strong><\/p>\n<p>Soweit wir von unserem Internetangebot auf die Webseiten Dritter verweisen oder verlinken, k\u00f6nnen wir keine Gew\u00e4hr und Haftung f\u00fcr die Richtigkeit bzw. Vollst\u00e4ndigkeit der Inhalte und die Datensicherheit dieser Websites \u00fcbernehmen. Da wir keinen Einfluss auf die Einhaltung datenschutzrechtlicher Bestimmungen durch Dritte haben, sollten Sie die jeweils angebotenen Datenschutzerkl\u00e4rungen gesondert pr\u00fcfen.<\/p>\n<p><strong> 7. Anwendbares Recht<\/strong><\/p>\n<p>Es gilt ausschlie\u00dflich deutsches Recht. Gegen\u00fcber einem Verbraucher gilt diese Rechtswahl nur insoweit, als dadurch keine zwingenden gesetzlichen Bestimmungen des Staates, in dem er seinen Wohnsitz oder gew\u00f6hnlichen Aufenthalt hat, eingeschr\u00e4nkt werden.<\/p>\n<p>Wir sind zur Teilnahme an einem Streitbeilegungsverfahren vor einer Verbraucherschlichtungsstelle weder verpflichtet noch bereit.<br \/>\nDie neue Universalschlichtungsstelle des Zentrums f\u00fcr Schlichtung e.V., Stra\u00dfburger Stra\u00dfe 8 in 77694 Kehl am Rhein (<a href=\"http:\/\/www.verbraucher-schlichter.de\" target=\"_blank\" rel=\"noopener noreferrer\">http:\/\/www.verbraucher-schlichter.de<\/a>) ist daf\u00fcr zust\u00e4ndig.[\/vc_column_text][\/vc_column][\/vc_row]<\/p>\n<\/div>","protected":false},"excerpt":{"rendered":"<p>[vc_row css=&#8220;.vc_custom_1506774316418{margin: 50px !important;}&#8220;][vc_column][vc_empty_space][vc_column_text] AGB&#8217;s &#8211; Die Zwillingsnadeln 1. Zustandekommen des Vertrags Mit Ihrer Bestellung geben Sie ein verbindliches Angebot an uns ab, einen Vertrag mit Ihnen zu schlie\u00dfen. Mit der Zusendung einer Auftragsbest\u00e4tigung per E-Mail an Sie oder der Lieferung der bestellten Ware k\u00f6nnen&#8230;<\/p>\n","protected":false},"author":2,"featured_media":0,"parent":0,"menu_order":0,"comment_status":"closed","ping_status":"closed","template":"","meta":{"inline_featured_image":false,"footnotes":""},"class_list":["post-822","page","type-page","status-publish","hentry"],"_links":{"self":[{"href":"https:\/\/die-zwillingsnadeln.de\/index.php?rest_route=\/wp\/v2\/pages\/822","targetHints":{"allow":["GET"]}}],"collection":[{"href":"https:\/\/die-zwillingsnadeln.de\/index.php?rest_route=\/wp\/v2\/pages"}],"about":[{"href":"https:\/\/die-zwillingsnadeln.de\/index.php?rest_route=\/wp\/v2\/types\/page"}],"author":[{"embeddable":true,"href":"https:\/\/die-zwillingsnadeln.de\/index.php?rest_route=\/wp\/v2\/users\/2"}],"replies":[{"embeddable":true,"href":"https:\/\/die-zwillingsnadeln.de\/index.php?rest_route=%2Fwp%2Fv2%2Fcomments&post=822"}],"version-history":[{"count":9,"href":"https:\/\/die-zwillingsnadeln.de\/index.php?rest_route=\/wp\/v2\/pages\/822\/revisions"}],"predecessor-version":[{"id":2506,"href":"https:\/\/die-zwillingsnadeln.de\/index.php?rest_route=\/wp\/v2\/pages\/822\/revisions\/2506"}],"wp:attachment":[{"href":"https:\/\/die-zwillingsnadeln.de\/index.php?rest_route=%2Fwp%2Fv2%2Fmedia&parent=822"}],"curies":[{"name":"wp","href":"https:\/\/api.w.org\/{rel}","templated":true}]}}