{"id":3258,"date":"2024-05-17T09:15:43","date_gmt":"2024-05-17T07:15:43","guid":{"rendered":"https:\/\/die-zwillingsnadeln.de\/?post_type=product&#038;p=3258"},"modified":"2026-04-16T17:33:05","modified_gmt":"2026-04-16T15:33:05","slug":"barett-mexican-tiger-moth","status":"publish","type":"product","link":"https:\/\/die-zwillingsnadeln.de\/?product=barett-mexican-tiger-moth","title":{"rendered":"Barett &#8222;Mexican Tiger Moth&#8220;"},"content":{"rendered":"<p style=\"text-align: center;\" align=\"center\">Die Motten sind von Hand gezeichnet und danach mit einer Freihandmaschine aufgestickt.<br \/>\nDer Prozess ist komplett Handarbeit und jede M\u00fctze ein Einzelst\u00fcck, da sie sich minimal voneinander unterscheiden.<\/p>\n<p style=\"text-align: center;\" align=\"center\">&#8211; Keine Digitalstickerei &#8211;<\/p>\n<p style=\"text-align: center;\" align=\"center\">Gr\u00f6\u00dfe: 55 &#8211; 62 cm<\/p>\n<p style=\"text-align: center;\" align=\"center\">Bitte die Kopfgr\u00f6\u00dfe am Ende der Bestellung angeben, da die M\u00fctze individuell angepasst wird.<br \/>\nFalls Sie sich unsicher mit ihrer Kopfgr\u00f6\u00dfe sind, kontaktieren Sie mich.<\/p>\n","protected":false},"excerpt":{"rendered":"<p>Klassische Baskenm\u00fctze in Stahlblau aus 100 % Merinowolle (mulesingfrei) mit Tigermotten-Stickerei.<\/p>\n","protected":false},"featured_media":3967,"template":"","meta":{"inline_featured_image":false},"product_brand":[],"product_cat":[182,156,111],"product_tag":[],"class_list":{"0":"post-3258","1":"product","2":"type-product","3":"status-publish","4":"has-post-thumbnail","6":"product_cat-embroidery","7":"product_cat-winter","8":"product_cat-woman","9":"product_shipping_class-standard","11":"first","12":"instock","13":"taxable","14":"shipping-taxable","15":"purchasable","16":"product-type-simple"},"_links":{"self":[{"href":"https:\/\/die-zwillingsnadeln.de\/index.php?rest_route=\/wp\/v2\/product\/3258","targetHints":{"allow":["GET"]}}],"collection":[{"href":"https:\/\/die-zwillingsnadeln.de\/index.php?rest_route=\/wp\/v2\/product"}],"about":[{"href":"https:\/\/die-zwillingsnadeln.de\/index.php?rest_route=\/wp\/v2\/types\/product"}],"version-history":[{"count":2,"href":"https:\/\/die-zwillingsnadeln.de\/index.php?rest_route=\/wp\/v2\/product\/3258\/revisions"}],"predecessor-version":[{"id":3968,"href":"https:\/\/die-zwillingsnadeln.de\/index.php?rest_route=\/wp\/v2\/product\/3258\/revisions\/3968"}],"wp:featuredmedia":[{"embeddable":true,"href":"https:\/\/die-zwillingsnadeln.de\/index.php?rest_route=\/wp\/v2\/media\/3967"}],"wp:attachment":[{"href":"https:\/\/die-zwillingsnadeln.de\/index.php?rest_route=%2Fwp%2Fv2%2Fmedia&parent=3258"}],"wp:term":[{"taxonomy":"product_brand","embeddable":true,"href":"https:\/\/die-zwillingsnadeln.de\/index.php?rest_route=%2Fwp%2Fv2%2Fproduct_brand&post=3258"},{"taxonomy":"product_cat","embeddable":true,"href":"https:\/\/die-zwillingsnadeln.de\/index.php?rest_route=%2Fwp%2Fv2%2Fproduct_cat&post=3258"},{"taxonomy":"product_tag","embeddable":true,"href":"https:\/\/die-zwillingsnadeln.de\/index.php?rest_route=%2Fwp%2Fv2%2Fproduct_tag&post=3258"}],"curies":[{"name":"wp","href":"https:\/\/api.w.org\/{rel}","templated":true}]}}