{"id":3495,"date":"2024-11-09T00:53:37","date_gmt":"2024-11-08T23:53:37","guid":{"rendered":"https:\/\/die-zwillingsnadeln.de\/?post_type=product&#038;p=3495"},"modified":"2024-11-11T00:30:42","modified_gmt":"2024-11-10T23:30:42","slug":"goldie","status":"publish","type":"product","link":"https:\/\/die-zwillingsnadeln.de\/?product=goldie","title":{"rendered":"Barett &#8222;Goldie&#8220;"},"content":{"rendered":"<p style=\"text-align: center;\">Kuschelige Baskenm\u00fctze aus 100 % (mulesingfreier) Merinowolle.<br \/>\nDas Motiv f\u00fcr die Stickerei wurde von Hand gezeichnet, mit einer Freihandstickmaschine aufgestickt<br \/>\nund danach gewaschen.<br \/>\nDa jede Stickerei komplett von Hand hergestellt ist,<br \/>\nkann es zu kleinen Abweichungen kommen und somit ist Kappe ein Einzelst\u00fcck.<\/p>\n<p style=\"text-align: center;\">Die M\u00fctze hat eine Standardgr\u00f6\u00dfe von 55 cm.<br \/>\nAnpassung bis 63 cm Kopfumfang m\u00f6glich.<br \/>\nBitte geben Sie bei der Bestellung ihre Kopfgr\u00f6\u00dfe an.<\/p>\n","protected":false},"excerpt":{"rendered":"<p>Wollbaskenm\u00fctze in indigoblau mit gestickten Goldfischmotiv<br \/>\nund kleiner Perlenstickerei.<\/p>\n","protected":false},"featured_media":3469,"template":"","meta":{"inline_featured_image":false},"product_brand":[],"product_cat":[182,156],"product_tag":[],"class_list":{"0":"post-3495","1":"product","2":"type-product","3":"status-publish","4":"has-post-thumbnail","6":"product_cat-embroidery","7":"product_cat-winter","8":"product_shipping_class-tasche","10":"first","11":"instock","12":"taxable","13":"shipping-taxable","14":"purchasable","15":"product-type-simple"},"_links":{"self":[{"href":"https:\/\/die-zwillingsnadeln.de\/index.php?rest_route=\/wp\/v2\/product\/3495","targetHints":{"allow":["GET"]}}],"collection":[{"href":"https:\/\/die-zwillingsnadeln.de\/index.php?rest_route=\/wp\/v2\/product"}],"about":[{"href":"https:\/\/die-zwillingsnadeln.de\/index.php?rest_route=\/wp\/v2\/types\/product"}],"version-history":[{"count":1,"href":"https:\/\/die-zwillingsnadeln.de\/index.php?rest_route=\/wp\/v2\/product\/3495\/revisions"}],"predecessor-version":[{"id":3501,"href":"https:\/\/die-zwillingsnadeln.de\/index.php?rest_route=\/wp\/v2\/product\/3495\/revisions\/3501"}],"wp:featuredmedia":[{"embeddable":true,"href":"https:\/\/die-zwillingsnadeln.de\/index.php?rest_route=\/wp\/v2\/media\/3469"}],"wp:attachment":[{"href":"https:\/\/die-zwillingsnadeln.de\/index.php?rest_route=%2Fwp%2Fv2%2Fmedia&parent=3495"}],"wp:term":[{"taxonomy":"product_brand","embeddable":true,"href":"https:\/\/die-zwillingsnadeln.de\/index.php?rest_route=%2Fwp%2Fv2%2Fproduct_brand&post=3495"},{"taxonomy":"product_cat","embeddable":true,"href":"https:\/\/die-zwillingsnadeln.de\/index.php?rest_route=%2Fwp%2Fv2%2Fproduct_cat&post=3495"},{"taxonomy":"product_tag","embeddable":true,"href":"https:\/\/die-zwillingsnadeln.de\/index.php?rest_route=%2Fwp%2Fv2%2Fproduct_tag&post=3495"}],"curies":[{"name":"wp","href":"https:\/\/api.w.org\/{rel}","templated":true}]}}