{"id":3561,"date":"2024-11-27T21:42:58","date_gmt":"2024-11-27T20:42:58","guid":{"rendered":"https:\/\/die-zwillingsnadeln.de\/?post_type=product&#038;p=3561"},"modified":"2026-04-29T19:23:49","modified_gmt":"2026-04-29T17:23:49","slug":"barett-eternal-love","status":"publish","type":"product","link":"https:\/\/die-zwillingsnadeln.de\/?product=barett-eternal-love","title":{"rendered":"Barett &#8222;Eternal Love&#8220;"},"content":{"rendered":"\t\t<div data-elementor-type=\"product-post\" data-elementor-id=\"3561\" class=\"elementor elementor-3561\" data-elementor-post-type=\"product\">\n\t\t\t\t<div class=\"elementor-element elementor-element-739f2a16 e-flex e-con-boxed e-con e-parent\" data-id=\"739f2a16\" data-element_type=\"container\" data-e-type=\"container\">\n\t\t\t\t\t<div class=\"e-con-inner\">\n\t\t\t\t<div class=\"elementor-element elementor-element-66afded0 elementor-widget elementor-widget-text-editor\" data-id=\"66afded0\" data-element_type=\"widget\" data-e-type=\"widget\" data-widget_type=\"text-editor.default\">\n\t\t\t\t\t\t\t\t\t<p style=\"text-align: center;\"><\/p>\n<p style=\"text-align: center;\"><\/p>\t\t\t\t\t\t\t\t<\/div>\n\t\t\t\t\t<\/div>\n\t\t\t\t<\/div>\n\t\t<div class=\"elementor-element elementor-element-1d5b14d e-flex e-con-boxed e-con e-parent\" data-id=\"1d5b14d\" data-element_type=\"container\" data-e-type=\"container\">\n\t\t\t\t\t<div class=\"e-con-inner\">\n\t\t\t\t<div class=\"elementor-element elementor-element-95c8738 elementor-widget elementor-widget-text-editor\" data-id=\"95c8738\" data-element_type=\"widget\" data-e-type=\"widget\" data-widget_type=\"text-editor.default\">\n\t\t\t\t\t\t\t\t\t<p style=\"text-align: left;\">Inspiriert von der \u00c4sthetik von Glanzbildmotiven ist \u201eDeep Love\u201c<br \/>auch eine Hommage an Shakespeares Julia aus dem Film der 1990er-Jahre von Baz Luhrmann.<\/p><p>\u00a0<\/p><p style=\"text-align: left;\">Die Stickerei ist von Hand gezeichnet und <br \/>danach mit einer Freihandmaschine aufgestickt. <br \/>Da jede Stickerei von Hand hergestellt ist,<br \/>kann es zu kleinen Abweichungen kommen und somit ist Kappe ein Einzelst\u00fcck.<br \/>\u2013 Keine Digitalstickerei<\/p><p style=\"text-align: left;\"><br \/>Die M\u00fctze hat eine Standardgr\u00f6\u00dfe von 55 cm.<br \/>Anpassung bis 63 cm Kopfumfang m\u00f6glich.<br \/>Bitte geben Sie bei der Bestellung ihre Kopfgr\u00f6\u00dfe an<\/p><p>\u00a0<\/p>\t\t\t\t\t\t\t\t<\/div>\n\t\t\t\t\t<\/div>\n\t\t\t\t<\/div>\n\t\t\t\t<\/div>\n\t\t","protected":false},"excerpt":{"rendered":"<p>Klassische Baskenm\u00fctze aus 100 % (mulesingfreier) Merinowolle<br \/>\nmit aufwendiger Freihandmaschinenstickerei mit gefl\u00fcgelten Herzen.<\/p>\n","protected":false},"featured_media":3553,"template":"","meta":{"inline_featured_image":false},"product_brand":[],"product_cat":[182,156],"product_tag":[],"class_list":{"0":"post-3561","1":"product","2":"type-product","3":"status-publish","4":"has-post-thumbnail","6":"product_cat-embroidery","7":"product_cat-winter","8":"product_shipping_class-standard","10":"first","11":"instock","12":"taxable","13":"shipping-taxable","14":"purchasable","15":"product-type-simple"},"_links":{"self":[{"href":"https:\/\/die-zwillingsnadeln.de\/index.php?rest_route=\/wp\/v2\/product\/3561","targetHints":{"allow":["GET"]}}],"collection":[{"href":"https:\/\/die-zwillingsnadeln.de\/index.php?rest_route=\/wp\/v2\/product"}],"about":[{"href":"https:\/\/die-zwillingsnadeln.de\/index.php?rest_route=\/wp\/v2\/types\/product"}],"version-history":[{"count":6,"href":"https:\/\/die-zwillingsnadeln.de\/index.php?rest_route=\/wp\/v2\/product\/3561\/revisions"}],"predecessor-version":[{"id":4467,"href":"https:\/\/die-zwillingsnadeln.de\/index.php?rest_route=\/wp\/v2\/product\/3561\/revisions\/4467"}],"wp:featuredmedia":[{"embeddable":true,"href":"https:\/\/die-zwillingsnadeln.de\/index.php?rest_route=\/wp\/v2\/media\/3553"}],"wp:attachment":[{"href":"https:\/\/die-zwillingsnadeln.de\/index.php?rest_route=%2Fwp%2Fv2%2Fmedia&parent=3561"}],"wp:term":[{"taxonomy":"product_brand","embeddable":true,"href":"https:\/\/die-zwillingsnadeln.de\/index.php?rest_route=%2Fwp%2Fv2%2Fproduct_brand&post=3561"},{"taxonomy":"product_cat","embeddable":true,"href":"https:\/\/die-zwillingsnadeln.de\/index.php?rest_route=%2Fwp%2Fv2%2Fproduct_cat&post=3561"},{"taxonomy":"product_tag","embeddable":true,"href":"https:\/\/die-zwillingsnadeln.de\/index.php?rest_route=%2Fwp%2Fv2%2Fproduct_tag&post=3561"}],"curies":[{"name":"wp","href":"https:\/\/api.w.org\/{rel}","templated":true}]}}