{"id":3563,"date":"2024-11-27T21:54:37","date_gmt":"2024-11-27T20:54:37","guid":{"rendered":"https:\/\/die-zwillingsnadeln.de\/?post_type=product&#038;p=3563"},"modified":"2026-04-29T19:11:18","modified_gmt":"2026-04-29T17:11:18","slug":"barett-till-death","status":"publish","type":"product","link":"https:\/\/die-zwillingsnadeln.de\/?product=barett-till-death","title":{"rendered":"Barett &#8222;Till Death&#8220;"},"content":{"rendered":"\t\t<div data-elementor-type=\"product-post\" data-elementor-id=\"3563\" class=\"elementor elementor-3563\" data-elementor-post-type=\"product\">\n\t\t\t\t<div class=\"elementor-element elementor-element-27f88f2f e-flex e-con-boxed e-con e-parent\" data-id=\"27f88f2f\" data-element_type=\"container\" data-e-type=\"container\">\n\t\t\t\t\t<div class=\"e-con-inner\">\n\t\t\t\t<div class=\"elementor-element elementor-element-27090ad5 elementor-widget elementor-widget-text-editor\" data-id=\"27090ad5\" data-element_type=\"widget\" data-e-type=\"widget\" data-widget_type=\"text-editor.default\">\n\t\t\t\t\t\t\t\t\t<p style=\"text-align: left;\">Inspiriert von der \u00c4sthetik von Glanzbildmotiven ist \u201eTill\u00a0 Death\u201c<br \/>auch eine Hommage an Shakespeare Julia aus dem Film der 1990er-Jahre von Baz Luhrmann.<\/p><p style=\"text-align: left;\">Die Stickerei ist von Hand gezeichnet und <br \/>danach mit einer Freihandmaschine aufgestickt. <\/p><p>\u00a0<\/p><p style=\"text-align: left;\">Da jede Stickerei von Hand hergestellt ist,<br \/>kann es zu kleinen Abweichungen kommen und somit ist Kappe ein Einzelst\u00fcck.<br \/>\u2013 Keine Digitalstickerei<\/p><p style=\"text-align: left;\"><br \/>Die M\u00fctze hat eine Standardgr\u00f6\u00dfe von 55 cm.<br \/>Anpassung bis 63 cm Kopfumfang m\u00f6glich.<br \/>Bitte geben Sie bei der Bestellung ihre Kopfgr\u00f6\u00dfe an<\/p>\t\t\t\t\t\t\t\t<\/div>\n\t\t\t\t\t<\/div>\n\t\t\t\t<\/div>\n\t\t\t\t<\/div>\n\t\t","protected":false},"excerpt":{"rendered":"<p>&nbsp;<\/p>\n<p>Klassische Baskenm\u00fctze aus 100 % (mulesingfreier) Merinowolle<\/p>\n<p>mit einer aufwendiger Freihandmaschinenstickerei und Samtherz- Applikation.<\/p>\n","protected":false},"featured_media":3578,"template":"","meta":{"inline_featured_image":false},"product_brand":[],"product_cat":[182,92,156],"product_tag":[],"class_list":{"0":"post-3563","1":"product","2":"type-product","3":"status-publish","4":"has-post-thumbnail","6":"product_cat-embroidery","7":"product_cat-new","8":"product_cat-winter","9":"product_shipping_class-standard","11":"first","12":"instock","13":"taxable","14":"shipping-taxable","15":"purchasable","16":"product-type-simple"},"_links":{"self":[{"href":"https:\/\/die-zwillingsnadeln.de\/index.php?rest_route=\/wp\/v2\/product\/3563","targetHints":{"allow":["GET"]}}],"collection":[{"href":"https:\/\/die-zwillingsnadeln.de\/index.php?rest_route=\/wp\/v2\/product"}],"about":[{"href":"https:\/\/die-zwillingsnadeln.de\/index.php?rest_route=\/wp\/v2\/types\/product"}],"version-history":[{"count":5,"href":"https:\/\/die-zwillingsnadeln.de\/index.php?rest_route=\/wp\/v2\/product\/3563\/revisions"}],"predecessor-version":[{"id":4458,"href":"https:\/\/die-zwillingsnadeln.de\/index.php?rest_route=\/wp\/v2\/product\/3563\/revisions\/4458"}],"wp:featuredmedia":[{"embeddable":true,"href":"https:\/\/die-zwillingsnadeln.de\/index.php?rest_route=\/wp\/v2\/media\/3578"}],"wp:attachment":[{"href":"https:\/\/die-zwillingsnadeln.de\/index.php?rest_route=%2Fwp%2Fv2%2Fmedia&parent=3563"}],"wp:term":[{"taxonomy":"product_brand","embeddable":true,"href":"https:\/\/die-zwillingsnadeln.de\/index.php?rest_route=%2Fwp%2Fv2%2Fproduct_brand&post=3563"},{"taxonomy":"product_cat","embeddable":true,"href":"https:\/\/die-zwillingsnadeln.de\/index.php?rest_route=%2Fwp%2Fv2%2Fproduct_cat&post=3563"},{"taxonomy":"product_tag","embeddable":true,"href":"https:\/\/die-zwillingsnadeln.de\/index.php?rest_route=%2Fwp%2Fv2%2Fproduct_tag&post=3563"}],"curies":[{"name":"wp","href":"https:\/\/api.w.org\/{rel}","templated":true}]}}