{"id":3657,"date":"2024-12-01T19:21:55","date_gmt":"2024-12-01T18:21:55","guid":{"rendered":"https:\/\/die-zwillingsnadeln.de\/?post_type=product&#038;p=3657"},"modified":"2026-04-24T05:17:11","modified_gmt":"2026-04-24T03:17:11","slug":"the-lovers-patch","status":"publish","type":"product","link":"https:\/\/die-zwillingsnadeln.de\/?product=the-lovers-patch","title":{"rendered":"&#8222;The Lovers&#8220; Patch"},"content":{"rendered":"\t\t<div data-elementor-type=\"wp-post\" data-elementor-id=\"3657\" class=\"elementor elementor-3657\" data-elementor-post-type=\"product\">\n\t\t\t\t<div class=\"elementor-element elementor-element-4756221a e-flex e-con-boxed e-con e-parent\" data-id=\"4756221a\" data-element_type=\"container\" data-e-type=\"container\">\n\t\t\t\t\t<div class=\"e-con-inner\">\n\t\t\t\t<div class=\"elementor-element elementor-element-64cc2ff3 elementor-widget elementor-widget-text-editor\" data-id=\"64cc2ff3\" data-element_type=\"widget\" data-e-type=\"widget\" data-widget_type=\"text-editor.default\">\n\t\t\t\t\t\t\t\t\t<p>Statement Aufn\u00e4her mit Samtherz Applikation und Freihandmaschinenstickerei.<br \/>Perfekt als Couple Patch und Hochzeitspaare.<br \/>Die Namen werden auf Wunsch individuell angepasst.*<br \/>Bitte bei der Bestellung angeben oder kontaktieren Sie mich per E-Mail.<br \/><br \/><\/p><p style=\"text-align: left;\">Jede Stickerei ist von Hand gezeichnet, mit einer Freihandstickmaschine gestickt,<br \/>gewaschen und ausgeschnitten. \u2013 Keine Digitalstickerei<\/p><p style=\"text-align: left;\">* Individuelle Anfertigungen sind vom R\u00fcckgaberecht ausgeschlossen.<\/p>\t\t\t\t\t\t\t\t<\/div>\n\t\t\t\t\t<\/div>\n\t\t\t\t<\/div>\n\t\t\t\t<\/div>\n\t\t","protected":false},"excerpt":{"rendered":"<p>&nbsp;<\/p>\n<p>&#8211; Couple Patch<\/p>\n<p>Partner Patch aus rotem Samt und aufgestickten Namen.<br \/>\nPerfekt geeignet als R\u00fcckenaufn\u00e4her f\u00fcr Jeansjacken.<br \/>\nIndividuelle Anfertigung.<\/p>\n","protected":false},"featured_media":3969,"template":"","meta":{"inline_featured_image":false},"product_brand":[],"product_cat":[182,92,191,94],"product_tag":[],"class_list":{"0":"post-3657","1":"product","2":"type-product","3":"status-publish","4":"has-post-thumbnail","6":"product_cat-embroidery","7":"product_cat-new","8":"product_cat-patches","9":"product_cat-wedding","10":"product_shipping_class-brief","12":"first","13":"instock","14":"taxable","15":"shipping-taxable","16":"purchasable","17":"product-type-variable"},"_links":{"self":[{"href":"https:\/\/die-zwillingsnadeln.de\/index.php?rest_route=\/wp\/v2\/product\/3657","targetHints":{"allow":["GET"]}}],"collection":[{"href":"https:\/\/die-zwillingsnadeln.de\/index.php?rest_route=\/wp\/v2\/product"}],"about":[{"href":"https:\/\/die-zwillingsnadeln.de\/index.php?rest_route=\/wp\/v2\/types\/product"}],"version-history":[{"count":7,"href":"https:\/\/die-zwillingsnadeln.de\/index.php?rest_route=\/wp\/v2\/product\/3657\/revisions"}],"predecessor-version":[{"id":4114,"href":"https:\/\/die-zwillingsnadeln.de\/index.php?rest_route=\/wp\/v2\/product\/3657\/revisions\/4114"}],"wp:featuredmedia":[{"embeddable":true,"href":"https:\/\/die-zwillingsnadeln.de\/index.php?rest_route=\/wp\/v2\/media\/3969"}],"wp:attachment":[{"href":"https:\/\/die-zwillingsnadeln.de\/index.php?rest_route=%2Fwp%2Fv2%2Fmedia&parent=3657"}],"wp:term":[{"taxonomy":"product_brand","embeddable":true,"href":"https:\/\/die-zwillingsnadeln.de\/index.php?rest_route=%2Fwp%2Fv2%2Fproduct_brand&post=3657"},{"taxonomy":"product_cat","embeddable":true,"href":"https:\/\/die-zwillingsnadeln.de\/index.php?rest_route=%2Fwp%2Fv2%2Fproduct_cat&post=3657"},{"taxonomy":"product_tag","embeddable":true,"href":"https:\/\/die-zwillingsnadeln.de\/index.php?rest_route=%2Fwp%2Fv2%2Fproduct_tag&post=3657"}],"curies":[{"name":"wp","href":"https:\/\/api.w.org\/{rel}","templated":true}]}}