{"id":410,"date":"2016-11-07T18:24:20","date_gmt":"2016-11-07T17:24:20","guid":{"rendered":"http:\/\/werkstatt.fuelthemes.net\/product\/theo-mug-w-coaster-2\/"},"modified":"2026-04-24T05:20:46","modified_gmt":"2026-04-24T03:20:46","slug":"stellacrystal","status":"publish","type":"product","link":"https:\/\/die-zwillingsnadeln.de\/?product=stellacrystal","title":{"rendered":"Stella &#8211; crystal"},"content":{"rendered":"<div class=\"wpb-content-wrapper\"><p>[vc_row][vc_column][vc_column_text]<\/p>\n<p style=\"text-align: center;\">Hunderte einzeln von Hand aufgesetzte Kristallsteine brechen das Licht und funkeln wie ein Meer aus Sternen. Dank des Aurora Borealis Effekt der Kristallsteine, changieren sie von violett, ros\u00e9 und Gr\u00fcnt\u00f6nen, die an das Farbspiel des Polarlichts erinnern. Der Haarreif ist bezogen mit einem zart silbrig schimmernden Satinstoff und er kann auf beiden Seiten getragen werden.<\/p>\n<p style=\"text-align: center;\">Farbe: crystal &#8211; AB<\/p>\n<p>[\/vc_column_text][vc_icon icon_fontawesome=&#8220;fa fa-angle-double-left&#8220; color=&#8220;custom&#8220; align=&#8220;center&#8220; custom_color=&#8220;#ffcccc&#8220; link=&#8220;url:https%3A%2F%2Fdie-zwillingsnadeln.de%2Fshop%2F|||&#8220;][\/vc_column][\/vc_row][vc_row][vc_column][\/vc_column][\/vc_row]<\/p>\n<\/div>","protected":false},"excerpt":{"rendered":"<p>Der Kopfschmuck \u201cStella\u201d (lat. f\u00fcr Stern) ist ein absolutes Allroundtalent. Tags\u00fcber zu Jeans und Bluse oder am Abend zum Cocktail- oder Abendkleid l\u00e4sst er seine Tr\u00e4gerin strahlen. Wenn es dunkel wird, offenbart er sein wahres Talent.<\/p>\n","protected":false},"featured_media":2625,"template":"","meta":{"inline_featured_image":false},"product_brand":[],"product_cat":[109,94,111],"product_tag":[],"class_list":{"0":"post-410","1":"product","2":"type-product","3":"status-publish","4":"has-post-thumbnail","6":"product_cat-accessory","7":"product_cat-wedding","8":"product_cat-woman","9":"product_shipping_class-standard","11":"first","12":"instock","13":"taxable","14":"shipping-taxable","15":"purchasable","16":"product-type-simple"},"_links":{"self":[{"href":"https:\/\/die-zwillingsnadeln.de\/index.php?rest_route=\/wp\/v2\/product\/410","targetHints":{"allow":["GET"]}}],"collection":[{"href":"https:\/\/die-zwillingsnadeln.de\/index.php?rest_route=\/wp\/v2\/product"}],"about":[{"href":"https:\/\/die-zwillingsnadeln.de\/index.php?rest_route=\/wp\/v2\/types\/product"}],"version-history":[{"count":2,"href":"https:\/\/die-zwillingsnadeln.de\/index.php?rest_route=\/wp\/v2\/product\/410\/revisions"}],"predecessor-version":[{"id":4354,"href":"https:\/\/die-zwillingsnadeln.de\/index.php?rest_route=\/wp\/v2\/product\/410\/revisions\/4354"}],"wp:featuredmedia":[{"embeddable":true,"href":"https:\/\/die-zwillingsnadeln.de\/index.php?rest_route=\/wp\/v2\/media\/2625"}],"wp:attachment":[{"href":"https:\/\/die-zwillingsnadeln.de\/index.php?rest_route=%2Fwp%2Fv2%2Fmedia&parent=410"}],"wp:term":[{"taxonomy":"product_brand","embeddable":true,"href":"https:\/\/die-zwillingsnadeln.de\/index.php?rest_route=%2Fwp%2Fv2%2Fproduct_brand&post=410"},{"taxonomy":"product_cat","embeddable":true,"href":"https:\/\/die-zwillingsnadeln.de\/index.php?rest_route=%2Fwp%2Fv2%2Fproduct_cat&post=410"},{"taxonomy":"product_tag","embeddable":true,"href":"https:\/\/die-zwillingsnadeln.de\/index.php?rest_route=%2Fwp%2Fv2%2Fproduct_tag&post=410"}],"curies":[{"name":"wp","href":"https:\/\/api.w.org\/{rel}","templated":true}]}}